{"id":103,"date":"2024-06-20T21:39:05","date_gmt":"2024-06-20T21:39:05","guid":{"rendered":"https:\/\/studiopaparozzi.com\/?page_id=103"},"modified":"2024-09-05T14:13:43","modified_gmt":"2024-09-05T14:13:43","slug":"studio-paparozzi","status":"publish","type":"page","link":"https:\/\/studiopaparozzi.com\/index.php\/studio-paparozzi\/","title":{"rendered":"Studio Paparozzi"},"content":{"rendered":"<p>[et_pb_section fb_built=&#8221;1&#8243; _builder_version=&#8221;4.25.2&#8243; _module_preset=&#8221;default&#8221; global_colors_info=&#8221;{}&#8221;][et_pb_row _builder_version=&#8221;4.25.2&#8243; _module_preset=&#8221;default&#8221; global_colors_info=&#8221;{}&#8221;][et_pb_column type=&#8221;4_4&#8243; _builder_version=&#8221;4.25.2&#8243; _module_preset=&#8221;default&#8221; global_colors_info=&#8221;{}&#8221;][et_pb_heading title=&#8221;Studio Paparozzi&#8221; _builder_version=&#8221;4.25.2&#8243; _module_preset=&#8221;default&#8221; global_colors_info=&#8221;{}&#8221;][\/et_pb_heading][et_pb_cta _builder_version=&#8221;4.27.0&#8243; _module_preset=&#8221;default&#8221; background_enable_color=&#8221;off&#8221; background_image=&#8221;https:\/\/studiopaparozzi.com\/wp-content\/uploads\/2024\/06\/societa-revisione-contabile-grosseto.jpg&#8221; min_height=&#8221;15vw&#8221; border_radii=&#8221;on|6px|6px|6px|6px&#8221; global_colors_info=&#8221;{}&#8221;][\/et_pb_cta][et_pb_text _builder_version=&#8221;4.27.0&#8243; _module_preset=&#8221;default&#8221; global_colors_info=&#8221;{}&#8221;]<\/p>\n<p>Lo Studio Paparozzi, situato a Grosseto, offre servizi di consulenza fiscale e legale per privati e imprese. Con anni di esperienza nel settore, il nostro team di esperti commercialisti \u00e8 specializzato in dichiarazioni fiscali, consulenza tributaria e pianificazione finanziaria. Se cerchi un commercialista a Grosseto affidabile, lo Studio Paparozzi garantisce soluzioni personalizzate e aggiornate alle normative vigenti.<\/p>\n<p>Lo studio del Dott.\u00a0<strong><em>Simone Paparozzi Commercialista e Revisore legale<\/em><\/strong>\u00a0\u00e8 a disposizione delle piccole, medie e grandi imprese per ogni tipo di esigenza, dalla pi\u00f9 piccola alla pi\u00f9 complessa.<\/p>\n<p>Il Dott. Simone Paparozzi nato a Grosseto nel 1986, ha iniziato il suo percorso di studio presso l\u2019Universit\u00e0 degli Studi di Siena dove ha conseguito la laurea Triennale in Economia e Commercio, in seguito presso l\u2019Universit\u00e0 Telematica la Sapenza di Roma, \u00a0ha conseguito la laurea Specialistica Magistrale in Economia e Governance.<\/p>\n<p>Al termine degli Studi si \u00e8 fin da subito dedicato alla professione, effettuando la pratica professionale per divenire sia Dottore Commercialista ed esperto contabile che Revisore legale dei conti. Al termine della pratica professionale ha superato nel 2016 con pieni voti l\u2019esame di abilitazione alla professione di Dottore Commercialista e Revisore Legale presso l\u2019Universit\u00e0 degli Studi Roma Tre di Tor Vergata. Oggi svolge la professione di Dottore Commercialista e Revisore legale su tutto il territorio Nazionale.<\/p>\n<p>&nbsp;<\/p>\n<p>[\/et_pb_text][\/et_pb_column][\/et_pb_row][et_pb_row _builder_version=&#8221;4.27.0&#8243; _module_preset=&#8221;default&#8221;][et_pb_column _builder_version=&#8221;4.27.0&#8243; _module_preset=&#8221;default&#8221; type=&#8221;4_4&#8243;][et_pb_gallery _builder_version=&#8221;4.27.0&#8243; _module_preset=&#8221;default&#8221; gallery_ids=&#8221;289,290,291&#8243; hover_enabled=&#8221;0&#8243; sticky_enabled=&#8221;0&#8243; show_title_and_caption=&#8221;off&#8221; show_pagination=&#8221;off&#8221; border_radii_image=&#8221;on|6px|6px|6px|6px&#8221; box_shadow_style_image=&#8221;preset1&#8243;][\/et_pb_gallery][\/et_pb_column][\/et_pb_row][et_pb_row _builder_version=&#8221;4.27.0&#8243; _module_preset=&#8221;default&#8221;][et_pb_column _builder_version=&#8221;4.27.0&#8243; _module_preset=&#8221;default&#8221; type=&#8221;4_4&#8243;][et_pb_text _builder_version=&#8221;4.27.0&#8243; _module_preset=&#8221;default&#8221; hover_enabled=&#8221;0&#8243; sticky_enabled=&#8221;0&#8243;]<\/p>\n<p>Lo studio Paparozzi offre servizi di consulenza su misura necessari alle persone, ai professionisti o alle societ\u00e0:<\/p>\n<p>[\/et_pb_text][\/et_pb_column][\/et_pb_row][et_pb_row _builder_version=&#8221;4.27.0&#8243; _module_preset=&#8221;default&#8221; column_structure=&#8221;1_2,1_2&#8243;][et_pb_column _builder_version=&#8221;4.27.0&#8243; _module_preset=&#8221;default&#8221; type=&#8221;1_2&#8243;][et_pb_text _builder_version=&#8221;4.27.0&#8243; _module_preset=&#8221;default&#8221; hover_enabled=&#8221;0&#8243; sticky_enabled=&#8221;0&#8243;]<\/p>\n<ul>\n<li>Consulenze aziendali<\/li>\n<li>Consulenze contabili<\/li>\n<li>Consulenze societarie<\/li>\n<li>Consulenze fiscali<\/li>\n<li>Consulenze tributarie<\/li>\n<li>Costituzione di societ\u00e0<\/li>\n<li>Amministrazione di societ\u00e0<\/li>\n<li>Stesura e revisione di bilancio<\/li>\n<li>Perizie di Stima<\/li>\n<li>Revisione legale enti pubblici e privati<\/li>\n<li>Valutazioni d\u2019azienda<\/li>\n<li>Amministrazione di societ\u00e0<\/li>\n<li>Dichiarazione dei Redditi<\/li>\n<\/ul>\n<p>[\/et_pb_text][\/et_pb_column][et_pb_column _builder_version=&#8221;4.27.0&#8243; _module_preset=&#8221;default&#8221; type=&#8221;1_2&#8243;][et_pb_text _builder_version=&#8221;4.27.0&#8243; _module_preset=&#8221;default&#8221; hover_enabled=&#8221;0&#8243; sticky_enabled=&#8221;0&#8243;]<\/p>\n<ul>\n<li>Successioni ereditarie<\/li>\n<li>Pratiche presso Agenzia della Riscossione<\/li>\n<li>Gestore della crisi per le persone fisiche<\/li>\n<li>Curatore fallimentare<\/li>\n<li>Consulente Tencnico d\u2019ufficio e di parte presso il Tribunale<\/li>\n<li>Delegato allle vendite presso il Tribunale<\/li>\n<li>Cessioni quote per S.r.l.<\/li>\n<li>Costituzioni Societ\u00e0 Semplici ed Associazioni<\/li>\n<li>Pratiche inizio attivit\u00e0 presso Enti Pubblici<\/li>\n<li>Pratiche Camerali<\/li>\n<li>Pratiche INPS<\/li>\n<li>Pratiche INAIL<\/li>\n<li>Consulenza sul lavoro<\/li>\n<\/ul>\n<p>[\/et_pb_text][\/et_pb_column][\/et_pb_row][et_pb_row _builder_version=&#8221;4.27.0&#8243; _module_preset=&#8221;default&#8221;][et_pb_column _builder_version=&#8221;4.27.0&#8243; _module_preset=&#8221;default&#8221; type=&#8221;4_4&#8243;][et_pb_text _builder_version=&#8221;4.27.0&#8243; _module_preset=&#8221;default&#8221; hover_enabled=&#8221;0&#8243; sticky_enabled=&#8221;0&#8243;]<\/p>\n<p>Mettiamo a tua disposizione una gamma di servizi completi e personalizzati, con competenze costantemente aggiornate ed innovate.<\/p>\n<p>Lo studio offre alla propria clientela una disponibilit\u00e0 cordiale e professionale, per la massima soddisfazione e tranquillit\u00e0.<\/p>\n<p>[\/et_pb_text][\/et_pb_column][\/et_pb_row][et_pb_row _builder_version=&#8221;4.27.0&#8243; _module_preset=&#8221;default&#8221;][et_pb_column _builder_version=&#8221;4.27.0&#8243; _module_preset=&#8221;default&#8221; type=&#8221;4_4&#8243;][et_pb_code _builder_version=&#8221;4.25.2&#8243; _module_preset=&#8221;default&#8221; global_colors_info=&#8221;{}&#8221;]<iframe src=\"https:\/\/www.google.com\/maps\/embed?pb=!1m14!1m8!1m3!1d2929.0868718623537!2d11.118374!3d42.765368!3m2!1i1024!2i768!4f13.1!3m3!1m2!1s0x1329b05f1092f647%3A0xeeef04ed001bb5d9!2sViale%20Ombrone%2C%203%2C%2058100%20Grosseto%20GR!5e0!3m2!1sit!2sit!4v1718919613766!5m2!1sit!2sit\" width=\"100%\" height=\"600\" style=\"border:0;\" allowfullscreen=\"\" loading=\"lazy\" referrerpolicy=\"no-referrer-when-downgrade\"><\/iframe>[\/et_pb_code][\/et_pb_column][\/et_pb_row][\/et_pb_section]<\/p>\n","protected":false},"excerpt":{"rendered":"<p>Lo Studio Paparozzi, situato a Grosseto, offre servizi di consulenza fiscale e legale per privati e imprese. Con anni di esperienza nel settore, il nostro team di esperti commercialisti \u00e8 specializzato in dichiarazioni fiscali, consulenza tributaria e pianificazione finanziaria. Se cerchi un commercialista a Grosseto affidabile, lo Studio Paparozzi garantisce soluzioni personalizzate e aggiornate alle [&hellip;]<\/p>\n","protected":false},"author":1,"featured_media":212,"parent":0,"menu_order":0,"comment_status":"closed","ping_status":"closed","template":"","meta":{"_et_pb_use_builder":"on","_et_pb_old_content":"","_et_gb_content_width":"","footnotes":""},"class_list":["post-103","page","type-page","status-publish","has-post-thumbnail","hentry"],"yoast_head":"<!-- This site is optimized with the Yoast SEO plugin v27.3 - https:\/\/yoast.com\/product\/yoast-seo-wordpress\/ -->\n<title>Studio Paparozzi - Consulenza Fiscale e Legale a Grosseto<\/title>\n<meta name=\"description\" content=\"Affidati a Studio Paparozzi di Grosseto: consulenza fiscale e legale. Servizi professionali per privati, aziende e soluzioni personalizzate\" \/>\n<meta name=\"robots\" content=\"index, follow, max-snippet:-1, max-image-preview:large, max-video-preview:-1\" \/>\n<link rel=\"canonical\" href=\"https:\/\/studiopaparozzi.com\/index.php\/studio-paparozzi\/\" \/>\n<meta property=\"og:locale\" content=\"it_IT\" \/>\n<meta property=\"og:type\" content=\"article\" \/>\n<meta property=\"og:title\" content=\"Studio Paparozzi - Consulenza Fiscale e Legale a Grosseto\" \/>\n<meta property=\"og:description\" content=\"Affidati a Studio Paparozzi di Grosseto: consulenza fiscale e legale. Servizi professionali per privati, aziende e soluzioni personalizzate\" \/>\n<meta property=\"og:url\" content=\"https:\/\/studiopaparozzi.com\/index.php\/studio-paparozzi\/\" \/>\n<meta property=\"og:site_name\" content=\"Studio Paparozzi Simone\" \/>\n<meta property=\"article:publisher\" content=\"https:\/\/www.facebook.com\/ilpezzo\" \/>\n<meta property=\"article:modified_time\" content=\"2024-09-05T14:13:43+00:00\" \/>\n<meta property=\"og:image\" content=\"https:\/\/studiopaparozzi.com\/wp-content\/uploads\/2024\/06\/Studio-Paparozzi.jpg\" \/>\n\t<meta property=\"og:image:width\" content=\"1569\" \/>\n\t<meta property=\"og:image:height\" content=\"543\" \/>\n\t<meta property=\"og:image:type\" content=\"image\/jpeg\" \/>\n<meta name=\"twitter:card\" content=\"summary_large_image\" \/>\n<meta name=\"twitter:label1\" content=\"Tempo di lettura stimato\" \/>\n\t<meta name=\"twitter:data1\" content=\"3 minuti\" \/>\n<script type=\"application\/ld+json\" class=\"yoast-schema-graph\">{\"@context\":\"https:\\\/\\\/schema.org\",\"@graph\":[{\"@type\":\"WebPage\",\"@id\":\"https:\\\/\\\/studiopaparozzi.com\\\/index.php\\\/studio-paparozzi\\\/\",\"url\":\"https:\\\/\\\/studiopaparozzi.com\\\/index.php\\\/studio-paparozzi\\\/\",\"name\":\"Studio Paparozzi - Consulenza Fiscale e Legale a Grosseto\",\"isPartOf\":{\"@id\":\"https:\\\/\\\/studiopaparozzi.com\\\/#website\"},\"primaryImageOfPage\":{\"@id\":\"https:\\\/\\\/studiopaparozzi.com\\\/index.php\\\/studio-paparozzi\\\/#primaryimage\"},\"image\":{\"@id\":\"https:\\\/\\\/studiopaparozzi.com\\\/index.php\\\/studio-paparozzi\\\/#primaryimage\"},\"thumbnailUrl\":\"https:\\\/\\\/studiopaparozzi.com\\\/wp-content\\\/uploads\\\/2024\\\/06\\\/Studio-Paparozzi.jpg\",\"datePublished\":\"2024-06-20T21:39:05+00:00\",\"dateModified\":\"2024-09-05T14:13:43+00:00\",\"description\":\"Affidati a Studio Paparozzi di Grosseto: consulenza fiscale e legale. Servizi professionali per privati, aziende e soluzioni personalizzate\",\"breadcrumb\":{\"@id\":\"https:\\\/\\\/studiopaparozzi.com\\\/index.php\\\/studio-paparozzi\\\/#breadcrumb\"},\"inLanguage\":\"it-IT\",\"potentialAction\":[{\"@type\":\"ReadAction\",\"target\":[\"https:\\\/\\\/studiopaparozzi.com\\\/index.php\\\/studio-paparozzi\\\/\"]}]},{\"@type\":\"ImageObject\",\"inLanguage\":\"it-IT\",\"@id\":\"https:\\\/\\\/studiopaparozzi.com\\\/index.php\\\/studio-paparozzi\\\/#primaryimage\",\"url\":\"https:\\\/\\\/studiopaparozzi.com\\\/wp-content\\\/uploads\\\/2024\\\/06\\\/Studio-Paparozzi.jpg\",\"contentUrl\":\"https:\\\/\\\/studiopaparozzi.com\\\/wp-content\\\/uploads\\\/2024\\\/06\\\/Studio-Paparozzi.jpg\",\"width\":1569,\"height\":543},{\"@type\":\"BreadcrumbList\",\"@id\":\"https:\\\/\\\/studiopaparozzi.com\\\/index.php\\\/studio-paparozzi\\\/#breadcrumb\",\"itemListElement\":[{\"@type\":\"ListItem\",\"position\":1,\"name\":\"Home\",\"item\":\"https:\\\/\\\/studiopaparozzi.com\\\/\"},{\"@type\":\"ListItem\",\"position\":2,\"name\":\"Studio Paparozzi\"}]},{\"@type\":\"WebSite\",\"@id\":\"https:\\\/\\\/studiopaparozzi.com\\\/#website\",\"url\":\"https:\\\/\\\/studiopaparozzi.com\\\/\",\"name\":\"Studio Paparozzi Simone\",\"description\":\"Commercialista Grosseto\",\"publisher\":{\"@id\":\"https:\\\/\\\/studiopaparozzi.com\\\/#organization\"},\"potentialAction\":[{\"@type\":\"SearchAction\",\"target\":{\"@type\":\"EntryPoint\",\"urlTemplate\":\"https:\\\/\\\/studiopaparozzi.com\\\/?s={search_term_string}\"},\"query-input\":{\"@type\":\"PropertyValueSpecification\",\"valueRequired\":true,\"valueName\":\"search_term_string\"}}],\"inLanguage\":\"it-IT\"},{\"@type\":\"Organization\",\"@id\":\"https:\\\/\\\/studiopaparozzi.com\\\/#organization\",\"name\":\"Studio Paparozzi Simone\",\"url\":\"https:\\\/\\\/studiopaparozzi.com\\\/\",\"logo\":{\"@type\":\"ImageObject\",\"inLanguage\":\"it-IT\",\"@id\":\"https:\\\/\\\/studiopaparozzi.com\\\/#\\\/schema\\\/logo\\\/image\\\/\",\"url\":\"https:\\\/\\\/studiopaparozzi.com\\\/wp-content\\\/uploads\\\/2024\\\/06\\\/Studio-Paparozzi.jpg\",\"contentUrl\":\"https:\\\/\\\/studiopaparozzi.com\\\/wp-content\\\/uploads\\\/2024\\\/06\\\/Studio-Paparozzi.jpg\",\"width\":1569,\"height\":543,\"caption\":\"Studio Paparozzi Simone\"},\"image\":{\"@id\":\"https:\\\/\\\/studiopaparozzi.com\\\/#\\\/schema\\\/logo\\\/image\\\/\"},\"sameAs\":[\"https:\\\/\\\/www.facebook.com\\\/ilpezzo\"]}]}<\/script>\n<!-- \/ Yoast SEO plugin. -->","yoast_head_json":{"title":"Studio Paparozzi - Consulenza Fiscale e Legale a Grosseto","description":"Affidati a Studio Paparozzi di Grosseto: consulenza fiscale e legale. Servizi professionali per privati, aziende e soluzioni personalizzate","robots":{"index":"index","follow":"follow","max-snippet":"max-snippet:-1","max-image-preview":"max-image-preview:large","max-video-preview":"max-video-preview:-1"},"canonical":"https:\/\/studiopaparozzi.com\/index.php\/studio-paparozzi\/","og_locale":"it_IT","og_type":"article","og_title":"Studio Paparozzi - Consulenza Fiscale e Legale a Grosseto","og_description":"Affidati a Studio Paparozzi di Grosseto: consulenza fiscale e legale. Servizi professionali per privati, aziende e soluzioni personalizzate","og_url":"https:\/\/studiopaparozzi.com\/index.php\/studio-paparozzi\/","og_site_name":"Studio Paparozzi Simone","article_publisher":"https:\/\/www.facebook.com\/ilpezzo","article_modified_time":"2024-09-05T14:13:43+00:00","og_image":[{"width":1569,"height":543,"url":"https:\/\/studiopaparozzi.com\/wp-content\/uploads\/2024\/06\/Studio-Paparozzi.jpg","type":"image\/jpeg"}],"twitter_card":"summary_large_image","twitter_misc":{"Tempo di lettura stimato":"3 minuti"},"schema":{"@context":"https:\/\/schema.org","@graph":[{"@type":"WebPage","@id":"https:\/\/studiopaparozzi.com\/index.php\/studio-paparozzi\/","url":"https:\/\/studiopaparozzi.com\/index.php\/studio-paparozzi\/","name":"Studio Paparozzi - Consulenza Fiscale e Legale a Grosseto","isPartOf":{"@id":"https:\/\/studiopaparozzi.com\/#website"},"primaryImageOfPage":{"@id":"https:\/\/studiopaparozzi.com\/index.php\/studio-paparozzi\/#primaryimage"},"image":{"@id":"https:\/\/studiopaparozzi.com\/index.php\/studio-paparozzi\/#primaryimage"},"thumbnailUrl":"https:\/\/studiopaparozzi.com\/wp-content\/uploads\/2024\/06\/Studio-Paparozzi.jpg","datePublished":"2024-06-20T21:39:05+00:00","dateModified":"2024-09-05T14:13:43+00:00","description":"Affidati a Studio Paparozzi di Grosseto: consulenza fiscale e legale. Servizi professionali per privati, aziende e soluzioni personalizzate","breadcrumb":{"@id":"https:\/\/studiopaparozzi.com\/index.php\/studio-paparozzi\/#breadcrumb"},"inLanguage":"it-IT","potentialAction":[{"@type":"ReadAction","target":["https:\/\/studiopaparozzi.com\/index.php\/studio-paparozzi\/"]}]},{"@type":"ImageObject","inLanguage":"it-IT","@id":"https:\/\/studiopaparozzi.com\/index.php\/studio-paparozzi\/#primaryimage","url":"https:\/\/studiopaparozzi.com\/wp-content\/uploads\/2024\/06\/Studio-Paparozzi.jpg","contentUrl":"https:\/\/studiopaparozzi.com\/wp-content\/uploads\/2024\/06\/Studio-Paparozzi.jpg","width":1569,"height":543},{"@type":"BreadcrumbList","@id":"https:\/\/studiopaparozzi.com\/index.php\/studio-paparozzi\/#breadcrumb","itemListElement":[{"@type":"ListItem","position":1,"name":"Home","item":"https:\/\/studiopaparozzi.com\/"},{"@type":"ListItem","position":2,"name":"Studio Paparozzi"}]},{"@type":"WebSite","@id":"https:\/\/studiopaparozzi.com\/#website","url":"https:\/\/studiopaparozzi.com\/","name":"Studio Paparozzi Simone","description":"Commercialista Grosseto","publisher":{"@id":"https:\/\/studiopaparozzi.com\/#organization"},"potentialAction":[{"@type":"SearchAction","target":{"@type":"EntryPoint","urlTemplate":"https:\/\/studiopaparozzi.com\/?s={search_term_string}"},"query-input":{"@type":"PropertyValueSpecification","valueRequired":true,"valueName":"search_term_string"}}],"inLanguage":"it-IT"},{"@type":"Organization","@id":"https:\/\/studiopaparozzi.com\/#organization","name":"Studio Paparozzi Simone","url":"https:\/\/studiopaparozzi.com\/","logo":{"@type":"ImageObject","inLanguage":"it-IT","@id":"https:\/\/studiopaparozzi.com\/#\/schema\/logo\/image\/","url":"https:\/\/studiopaparozzi.com\/wp-content\/uploads\/2024\/06\/Studio-Paparozzi.jpg","contentUrl":"https:\/\/studiopaparozzi.com\/wp-content\/uploads\/2024\/06\/Studio-Paparozzi.jpg","width":1569,"height":543,"caption":"Studio Paparozzi Simone"},"image":{"@id":"https:\/\/studiopaparozzi.com\/#\/schema\/logo\/image\/"},"sameAs":["https:\/\/www.facebook.com\/ilpezzo"]}]}},"_links":{"self":[{"href":"https:\/\/studiopaparozzi.com\/index.php\/wp-json\/wp\/v2\/pages\/103","targetHints":{"allow":["GET"]}}],"collection":[{"href":"https:\/\/studiopaparozzi.com\/index.php\/wp-json\/wp\/v2\/pages"}],"about":[{"href":"https:\/\/studiopaparozzi.com\/index.php\/wp-json\/wp\/v2\/types\/page"}],"author":[{"embeddable":true,"href":"https:\/\/studiopaparozzi.com\/index.php\/wp-json\/wp\/v2\/users\/1"}],"replies":[{"embeddable":true,"href":"https:\/\/studiopaparozzi.com\/index.php\/wp-json\/wp\/v2\/comments?post=103"}],"version-history":[{"count":9,"href":"https:\/\/studiopaparozzi.com\/index.php\/wp-json\/wp\/v2\/pages\/103\/revisions"}],"predecessor-version":[{"id":295,"href":"https:\/\/studiopaparozzi.com\/index.php\/wp-json\/wp\/v2\/pages\/103\/revisions\/295"}],"wp:featuredmedia":[{"embeddable":true,"href":"https:\/\/studiopaparozzi.com\/index.php\/wp-json\/wp\/v2\/media\/212"}],"wp:attachment":[{"href":"https:\/\/studiopaparozzi.com\/index.php\/wp-json\/wp\/v2\/media?parent=103"}],"curies":[{"name":"wp","href":"https:\/\/api.w.org\/{rel}","templated":true}]}}