{"id":119,"date":"2024-06-20T21:47:29","date_gmt":"2024-06-20T21:47:29","guid":{"rendered":"https:\/\/studiopaparozzi.com\/?page_id=119"},"modified":"2024-09-05T12:15:52","modified_gmt":"2024-09-05T12:15:52","slug":"costituzione-ed-amministrazione-di-societa","status":"publish","type":"page","link":"https:\/\/studiopaparozzi.com\/index.php\/servizi\/costituzione-ed-amministrazione-di-societa\/","title":{"rendered":"Costituzione ed amministrazione di societ\u00e0"},"content":{"rendered":"<p>[et_pb_section fb_built=&#8221;1&#8243; _builder_version=&#8221;4.25.2&#8243; _module_preset=&#8221;default&#8221; global_colors_info=&#8221;{}&#8221;][et_pb_row _builder_version=&#8221;4.25.2&#8243; _module_preset=&#8221;default&#8221; global_colors_info=&#8221;{}&#8221;][et_pb_column type=&#8221;4_4&#8243; _builder_version=&#8221;4.25.2&#8243; _module_preset=&#8221;default&#8221; global_colors_info=&#8221;{}&#8221;][et_pb_heading title=&#8221;Costituzione ed amministrazione di societ\u00e0&#8221; _builder_version=&#8221;4.25.2&#8243; _module_preset=&#8221;default&#8221; global_colors_info=&#8221;{}&#8221;][\/et_pb_heading][et_pb_cta _builder_version=&#8221;4.25.2&#8243; _module_preset=&#8221;default&#8221; background_enable_color=&#8221;off&#8221; background_image=&#8221;https:\/\/studiopaparozzi.com\/wp-content\/uploads\/2024\/06\/commercialista-grosseto-3.jpg&#8221; min_height=&#8221;15vw&#8221; border_radii=&#8221;on|6px|6px|6px|6px&#8221; global_colors_info=&#8221;{}&#8221;][\/et_pb_cta][et_pb_text _builder_version=&#8221;4.25.2&#8243; _module_preset=&#8221;default&#8221; global_colors_info=&#8221;{}&#8221;]<\/p>\n<p>Lo Studio Professionale Dott. Simone Paparozzi pu\u00f2 aiutarti a realizzare i tuoi progetti professionali e imprenditoriali, assistendoti fin dalla costituzione della societ\u00e0 e nella sua successiva gestione dell\u2019amministrazione.<\/p>\n<p>Il servizio comprende un\u2019assistenza globale per aiutarti ad affrontare tutti gli aspetti della gestione aziendale del personale, del fisco, dei tributi e di qualsiasi disputa con gli enti pubblici.<\/p>\n<p>Lo Studio Paparozzi pu\u00f2 aiutarti a muovere i primi passi, dall\u2019assistenza alla Costituzione della tua societ\u00e0, alla presentazione della Segnalazione certificata di Inizio Attivit\u00e0 presso il Comune, all\u2019elaborazione delle pratiche camerali fino alla comunicazione di inizio attivit\u00e0 presso l\u2019Agenzia delle Entrate.\u00a0 Successivamente pu\u00e0 aiutarti nella gestione amministrativa, contabile e fiscale della tua societ\u00e0, alla presentazione dei bilanci e allo studio della programmazione gestionale.<\/p>\n<p>Lo studio Paparozzi offre i servizi di consulenza su misura necessari ai professionisti o alle societ\u00e0.<\/p>\n<p>Di seguito si elencano solo alcuni:<\/p>\n<ul>\n<li>Costituzioni Societ\u00e0 Semplici ed Associazioni<\/li>\n<li>Pratiche inizio attivit\u00e0 presso Enti Pubblici<\/li>\n<li>Tenuta contabilit\u00e0 ordinaria e semplificata<\/li>\n<li>Redazione Bilanci d\u2019esercizio<\/li>\n<li>Elaborazione dichiarativi fiscali<\/li>\n<li>Gestione completa dei pagamenti<\/li>\n<li>Pratiche Camerali, Agenzia Entrate, Agenzia della Riscossione, Inps ed Inail<\/li>\n<li>Cessione quote di S.r.l.<\/li>\n<\/ul>\n<p>[\/et_pb_text][et_pb_divider _builder_version=&#8221;4.25.2&#8243; _module_preset=&#8221;default&#8221; global_colors_info=&#8221;{}&#8221;][\/et_pb_divider][\/et_pb_column][\/et_pb_row][et_pb_row _builder_version=&#8221;4.25.2&#8243; _module_preset=&#8221;default&#8221; global_colors_info=&#8221;{}&#8221;][et_pb_column type=&#8221;4_4&#8243; _builder_version=&#8221;4.25.2&#8243; _module_preset=&#8221;default&#8221; global_colors_info=&#8221;{}&#8221;][et_pb_heading title=&#8221;Consulenza aziendale&#8221; _builder_version=&#8221;4.25.2&#8243; _module_preset=&#8221;default&#8221; title_level=&#8221;h2&#8243; global_colors_info=&#8221;{}&#8221;][\/et_pb_heading][et_pb_text _builder_version=&#8221;4.25.2&#8243; _module_preset=&#8221;default&#8221; global_colors_info=&#8221;{}&#8221;]<\/p>\n<p>Lo Studio del Dott. Simone Paparozzi offre servizi di consulenza aziendale per imprese e professionisti.<\/p>\n<p>La consulenza aziendale \u00e8 fondamentale per raggiungere gli obiettivi di impresa, soprattutto nelle realt\u00e0 pi\u00f9 importanti che coinvolgono svariati aspetti quindi lo scopo della consulenza aziendale \u00e8 quello di aumentare il valore dell\u2019azienda cliente.<\/p>\n<p>Aumentandolo dal punto di vista del valore economico, ma anche del margine netto, consentendo di operare in modo elastico, flessibile e preciso in qualsiasi mercato.<\/p>\n<p>La consulenza aziendale mira dunque a ottenere le condizioni migliori in ogni contesto, sia dal punto di vista della sistemazione economica, sia da quello aziendale.<\/p>\n<p>A livelli molto alti le aziende hanno<span>\u00a0<\/span><strong>necessit\u00e0<\/strong><span>\u00a0<\/span>legali di ogni tipo: devono avere il quadro completo della legislazione locale, sapere quante tasse pagare, come si svolgono i negozi giuridici fondamentali, quali sono le leggi tributarie e quelle bancarie, come funzionano le tasse doganali.<\/p>\n<p>In Europa siamo abituati all\u2019euro e al mercato unico e a una certa uniformit\u00e0 di leggi, ma al di fuori della cornice europea, nei mercati asiatici o quelli americani, di enorme entit\u00e0, \u00e8 tutto diverso.<\/p>\n<p>Lo studio quindi si occupa di fornire in particolare:<\/p>\n<ul>\n<li>Analisi strutturali ed economiche<\/li>\n<li>Studi sulla produttivit\u00e0, redditivit\u00e0, efficienza ed economicit\u00e0 dell\u2019impresa<\/li>\n<li>Verifiche della forma giuridica<\/li>\n<li>Analisi e valutazioni della gestione aziendale, in termini qualitativi e quantitativi<\/li>\n<li>Analisi delle situazioni debitorie complessive<\/li>\n<li>Business plan aziendali<\/li>\n<li>Consulenza aziendale interna ed riorganizzaione aziendale dell\u2019efficienza aziendale<\/li>\n<li>Istruzioni e consigli sulla metodologia di Governance e Management migliore da adottare nella propria azienda<\/li>\n<li>Valutazione su gruppi di imprese<\/li>\n<li>Voluntary Disclousure collaborazione volontaria<\/li>\n<li>Cessioni Quote di societ\u00e0 di capitali<\/li>\n<li>Sostegno sull\u2019acquisto e sulla cessione d\u2019azienda<\/li>\n<\/ul>\n<p>[\/et_pb_text][et_pb_divider _builder_version=&#8221;4.25.2&#8243; _module_preset=&#8221;default&#8221; global_colors_info=&#8221;{}&#8221;][\/et_pb_divider][et_pb_heading title=&#8221;Enti non commerciali e ditte individuali&#8221; _builder_version=&#8221;4.25.2&#8243; _module_preset=&#8221;default&#8221; title_level=&#8221;h2&#8243; global_colors_info=&#8221;{}&#8221;][\/et_pb_heading][et_pb_text _builder_version=&#8221;4.25.2&#8243; _module_preset=&#8221;default&#8221; global_colors_info=&#8221;{}&#8221;]<\/p>\n<p>La consulenza offerta in materia contabile, fiscale e societaria non si limita alla sola redazione delle dichiarazioni obbligatorie e del bilancio d\u2019esercizio ma si amplia formendo un\u2019assistenza continuativa e competente accompagnando il cliente durante\u00a0 l\u2019intero svolgersi della sua attivit\u00e0.<\/p>\n<p>Per ci\u00f2 che concerne la gestione e tenuta della contabilit\u00e0 lo studio garantisce al cliente, sia di piccole che medie dimensioni, di esternalizzare completamente la funzione amministrativa.<\/p>\n<p>Per i clienti maggiormente strutturati, che gi\u00e0 al loro interno dispongono di\u00a0 un dipartimento contabile, lo studio assistenza per la soluzione delle problematiche che quotidianamente l\u2019operatore \u00e8 tenuto a risolvere.<\/p>\n<p>Lo Studio Paparozzi si occupa in maniera completa ed affidabile di:<\/p>\n<ul>\n<li>Tenuta della contabilit\u00e0 semplificata e ordinaria attraverso l\u2019elaborazione informatica dei dati.<\/li>\n<li>Stesura di bilanci annuali o di periodo, nelle varie forme di prassi: oggettiva, ufficiale e fiscale<\/li>\n<li>Elaborazione ed invio periodico al cliente di bilanci, conti di esercizio, dettagli debitorio e creditorio<\/li>\n<li>Elaborazione ed invio periodico delle liquidazioni Iva<\/li>\n<li>Elaborazione operazioni transfrontaliere<\/li>\n<li>Elaborazione ed invio periodico del modello 770 e delle certificazioni Uniche<\/li>\n<li>Elaborazione ed invio periodico del modello redditi e della dichiarazione Irap \u2013 SP \u2013 FP \u2013 SC e EN<\/li>\n<li>Elaborazione ed invio periodico della dichiarazione Iva<\/li>\n<li>Elaborazione ed invio periodico della dichiarazione Imu<\/li>\n<li>Elaborazione ed invio periodico dei versamenti F24 e F23<\/li>\n<li>Elaborazione ed invio periodico del modello redditi dei soci<\/li>\n<li>Elaborazione ed invio periodico dei modelli Intrastat ex esterometro<\/li>\n<li>Elaborazione ed invio dei bilanci d\u2019esercizio delle societ\u00e0 di capitali<\/li>\n<li>Analisi dell\u2019indice di liquidit\u00e0 e del Margine Operativo Lordo.<\/li>\n<li>Gestione amministrativa del personale<\/li>\n<li>Elaborazione e stampe dei verbali societari e dei registri contabili obbligatori<\/li>\n<li>Supporto nell\u2019elaborazione delle rimanenze<\/li>\n<\/ul>\n<p>[\/et_pb_text][et_pb_divider _builder_version=&#8221;4.25.2&#8243; _module_preset=&#8221;default&#8221; global_colors_info=&#8221;{}&#8221;][\/et_pb_divider][\/et_pb_column][\/et_pb_row][et_pb_row _builder_version=&#8221;4.25.2&#8243; _module_preset=&#8221;default&#8221; global_colors_info=&#8221;{}&#8221;][et_pb_column type=&#8221;4_4&#8243; _builder_version=&#8221;4.25.2&#8243; _module_preset=&#8221;default&#8221; global_colors_info=&#8221;{}&#8221;][et_pb_heading title=&#8221;Consulenza contabile e fiscale persone fisiche e privati&#8221; _builder_version=&#8221;4.25.2&#8243; _module_preset=&#8221;default&#8221; title_level=&#8221;h2&#8243; global_colors_info=&#8221;{}&#8221;][\/et_pb_heading][et_pb_text _builder_version=&#8221;4.25.2&#8243; _module_preset=&#8221;default&#8221; global_colors_info=&#8221;{}&#8221;]<\/p>\n<p>I servizi che lo studio fornisce sono indirizzati alle persone fisiche che necessitano di assistenza e consulenza fiscale per gestire i propri redditi ed il proprio patrimonio personale e familiare in maniera fiscalmente efficiente e conforme alla disciplina fiscale di diversi paesi.<\/p>\n<p>Offriamo soluzioni personalizzate alle diverse esigenze di pianificazione fiscale nel rispetto delle legislazioni dei diversi Paesi in cui opera e risiede il contribuente; forniamo il necessario supporto operativo per lo svolgimento degli adempimenti previsti dalla legislazione (determinazione delle imposte, predisposizione delle dichiarazioni dei redditi, etc.), ovvero l\u2019assistenza per l\u2019attivit\u00e0 contenziosa e pre-contenziosa.<\/p>\n<p>I nostri servizi di consulenza fiscale comprendono:<\/p>\n<ul>\n<li>Dichiarazioni fiscali per persone fisiche modelli 730 e modelli redditi di periodo<\/li>\n<li>Elaborazione ed invio delle pratiche relative alla Definizione Agevolata \u201cRottamazione Ruoli\u201d presso Agenzia della Riscossione<\/li>\n<li>Studi e pianificazioni fiscali nazionali ed internazionali<\/li>\n<li>Operazioni di ristrutturazioni o trasformazioni aziendali<\/li>\n<li>Studio Elaborazione e presentazione di dichiarazioni di successione presso enti pubblici<\/li>\n<li>Gestione e calcolo della tassazione di successioni o donazioni<\/li>\n<li>Imposizione di profitti immobiliari<\/li>\n<li>Gestione delle imposte indirette ed indirette<\/li>\n<li>Gestione delle locazioni<\/li>\n<li>Richieste di recupero del credito<\/li>\n<li>Dichiarazioni Imu<\/li>\n<li>Creazione ed invio di Modelli F24<\/li>\n<li>Presentazione di istanze di Autotutela presso Enti pubblici e privati<\/li>\n<li>Studio ed elaborazione su avvisi di irregolarit\u00e0 ed accertamenti da parte di enti pubblici<\/li>\n<li>Studio ed elaborazione della pratica di Estromissione agevolata immobili strumentali<\/li>\n<li>Amministrazione di sostegno alle persone fisiche<\/li>\n<\/ul>\n<p>[\/et_pb_text][\/et_pb_column][\/et_pb_row][\/et_pb_section]<\/p>\n","protected":false},"excerpt":{"rendered":"<p>Lo Studio Professionale Dott. Simone Paparozzi pu\u00f2 aiutarti a realizzare i tuoi progetti professionali e imprenditoriali, assistendoti fin dalla costituzione della societ\u00e0 e nella sua successiva gestione dell\u2019amministrazione. Il servizio comprende un\u2019assistenza globale per aiutarti ad affrontare tutti gli aspetti della gestione aziendale del personale, del fisco, dei tributi e di qualsiasi disputa con gli [&hellip;]<\/p>\n","protected":false},"author":1,"featured_media":0,"parent":108,"menu_order":0,"comment_status":"closed","ping_status":"closed","template":"","meta":{"_et_pb_use_builder":"on","_et_pb_old_content":"","_et_gb_content_width":"","footnotes":""},"class_list":["post-119","page","type-page","status-publish","hentry"],"yoast_head":"<!-- This site is optimized with the Yoast SEO plugin v27.5 - https:\/\/yoast.com\/product\/yoast-seo-wordpress\/ -->\n<title>Commercialista Grosseto - Costituzione di Societ\u00e0 - S. Paparozzi<\/title>\n<meta name=\"description\" content=\"Consulenza per la costituzione e gestione di societ\u00e0 a Grosseto. Soluzioni personalizzate per aziende di ogni settore.\" \/>\n<meta name=\"robots\" content=\"index, follow, max-snippet:-1, max-image-preview:large, max-video-preview:-1\" \/>\n<link rel=\"canonical\" href=\"https:\/\/studiopaparozzi.com\/index.php\/servizi\/costituzione-ed-amministrazione-di-societa\/\" \/>\n<meta property=\"og:locale\" content=\"it_IT\" \/>\n<meta property=\"og:type\" content=\"article\" \/>\n<meta property=\"og:title\" content=\"Costituzione e Amministrazione di Societ\u00e0 a Grosseto - Studio Paparozzi\" \/>\n<meta property=\"og:description\" content=\"Consulenza per la costituzione e gestione di societ\u00e0 a Grosseto. Soluzioni personalizzate per aziende di ogni settore.\" \/>\n<meta property=\"og:url\" content=\"https:\/\/studiopaparozzi.com\/index.php\/servizi\/costituzione-ed-amministrazione-di-societa\/\" \/>\n<meta property=\"og:site_name\" content=\"Studio Paparozzi Simone\" \/>\n<meta property=\"article:publisher\" content=\"https:\/\/www.facebook.com\/ilpezzo\" \/>\n<meta property=\"article:modified_time\" content=\"2024-09-05T12:15:52+00:00\" \/>\n<meta property=\"og:image\" content=\"https:\/\/studiopaparozzi.com\/wp-content\/uploads\/2024\/06\/commercialista-grosseto-3.jpg\" \/>\n\t<meta property=\"og:image:width\" content=\"800\" \/>\n\t<meta property=\"og:image:height\" content=\"390\" \/>\n\t<meta property=\"og:image:type\" content=\"image\/jpeg\" \/>\n<meta name=\"twitter:card\" content=\"summary_large_image\" \/>\n<meta name=\"twitter:label1\" content=\"Tempo di lettura stimato\" \/>\n\t<meta name=\"twitter:data1\" content=\"6 minuti\" \/>\n<script type=\"application\/ld+json\" class=\"yoast-schema-graph\">{\"@context\":\"https:\\\/\\\/schema.org\",\"@graph\":[{\"@type\":\"WebPage\",\"@id\":\"https:\\\/\\\/studiopaparozzi.com\\\/index.php\\\/servizi\\\/costituzione-ed-amministrazione-di-societa\\\/\",\"url\":\"https:\\\/\\\/studiopaparozzi.com\\\/index.php\\\/servizi\\\/costituzione-ed-amministrazione-di-societa\\\/\",\"name\":\"Commercialista Grosseto - Costituzione di Societ\u00e0 - S. Paparozzi\",\"isPartOf\":{\"@id\":\"https:\\\/\\\/studiopaparozzi.com\\\/#website\"},\"datePublished\":\"2024-06-20T21:47:29+00:00\",\"dateModified\":\"2024-09-05T12:15:52+00:00\",\"description\":\"Consulenza per la costituzione e gestione di societ\u00e0 a Grosseto. Soluzioni personalizzate per aziende di ogni settore.\",\"breadcrumb\":{\"@id\":\"https:\\\/\\\/studiopaparozzi.com\\\/index.php\\\/servizi\\\/costituzione-ed-amministrazione-di-societa\\\/#breadcrumb\"},\"inLanguage\":\"it-IT\",\"potentialAction\":[{\"@type\":\"ReadAction\",\"target\":[\"https:\\\/\\\/studiopaparozzi.com\\\/index.php\\\/servizi\\\/costituzione-ed-amministrazione-di-societa\\\/\"]}]},{\"@type\":\"BreadcrumbList\",\"@id\":\"https:\\\/\\\/studiopaparozzi.com\\\/index.php\\\/servizi\\\/costituzione-ed-amministrazione-di-societa\\\/#breadcrumb\",\"itemListElement\":[{\"@type\":\"ListItem\",\"position\":1,\"name\":\"Home\",\"item\":\"https:\\\/\\\/studiopaparozzi.com\\\/\"},{\"@type\":\"ListItem\",\"position\":2,\"name\":\"Servizi\",\"item\":\"https:\\\/\\\/studiopaparozzi.com\\\/index.php\\\/servizi\\\/\"},{\"@type\":\"ListItem\",\"position\":3,\"name\":\"Costituzione ed amministrazione di societ\u00e0\"}]},{\"@type\":\"WebSite\",\"@id\":\"https:\\\/\\\/studiopaparozzi.com\\\/#website\",\"url\":\"https:\\\/\\\/studiopaparozzi.com\\\/\",\"name\":\"Studio Paparozzi Simone\",\"description\":\"Commercialista Grosseto\",\"publisher\":{\"@id\":\"https:\\\/\\\/studiopaparozzi.com\\\/#organization\"},\"potentialAction\":[{\"@type\":\"SearchAction\",\"target\":{\"@type\":\"EntryPoint\",\"urlTemplate\":\"https:\\\/\\\/studiopaparozzi.com\\\/?s={search_term_string}\"},\"query-input\":{\"@type\":\"PropertyValueSpecification\",\"valueRequired\":true,\"valueName\":\"search_term_string\"}}],\"inLanguage\":\"it-IT\"},{\"@type\":\"Organization\",\"@id\":\"https:\\\/\\\/studiopaparozzi.com\\\/#organization\",\"name\":\"Studio Paparozzi Simone\",\"url\":\"https:\\\/\\\/studiopaparozzi.com\\\/\",\"logo\":{\"@type\":\"ImageObject\",\"inLanguage\":\"it-IT\",\"@id\":\"https:\\\/\\\/studiopaparozzi.com\\\/#\\\/schema\\\/logo\\\/image\\\/\",\"url\":\"https:\\\/\\\/studiopaparozzi.com\\\/wp-content\\\/uploads\\\/2024\\\/06\\\/Studio-Paparozzi.jpg\",\"contentUrl\":\"https:\\\/\\\/studiopaparozzi.com\\\/wp-content\\\/uploads\\\/2024\\\/06\\\/Studio-Paparozzi.jpg\",\"width\":1569,\"height\":543,\"caption\":\"Studio Paparozzi Simone\"},\"image\":{\"@id\":\"https:\\\/\\\/studiopaparozzi.com\\\/#\\\/schema\\\/logo\\\/image\\\/\"},\"sameAs\":[\"https:\\\/\\\/www.facebook.com\\\/ilpezzo\"]}]}<\/script>\n<!-- \/ Yoast SEO plugin. -->","yoast_head_json":{"title":"Commercialista Grosseto - Costituzione di Societ\u00e0 - S. Paparozzi","description":"Consulenza per la costituzione e gestione di societ\u00e0 a Grosseto. Soluzioni personalizzate per aziende di ogni settore.","robots":{"index":"index","follow":"follow","max-snippet":"max-snippet:-1","max-image-preview":"max-image-preview:large","max-video-preview":"max-video-preview:-1"},"canonical":"https:\/\/studiopaparozzi.com\/index.php\/servizi\/costituzione-ed-amministrazione-di-societa\/","og_locale":"it_IT","og_type":"article","og_title":"Costituzione e Amministrazione di Societ\u00e0 a Grosseto - Studio Paparozzi","og_description":"Consulenza per la costituzione e gestione di societ\u00e0 a Grosseto. Soluzioni personalizzate per aziende di ogni settore.","og_url":"https:\/\/studiopaparozzi.com\/index.php\/servizi\/costituzione-ed-amministrazione-di-societa\/","og_site_name":"Studio Paparozzi Simone","article_publisher":"https:\/\/www.facebook.com\/ilpezzo","article_modified_time":"2024-09-05T12:15:52+00:00","og_image":[{"width":800,"height":390,"url":"https:\/\/studiopaparozzi.com\/wp-content\/uploads\/2024\/06\/commercialista-grosseto-3.jpg","type":"image\/jpeg"}],"twitter_card":"summary_large_image","twitter_misc":{"Tempo di lettura stimato":"6 minuti"},"schema":{"@context":"https:\/\/schema.org","@graph":[{"@type":"WebPage","@id":"https:\/\/studiopaparozzi.com\/index.php\/servizi\/costituzione-ed-amministrazione-di-societa\/","url":"https:\/\/studiopaparozzi.com\/index.php\/servizi\/costituzione-ed-amministrazione-di-societa\/","name":"Commercialista Grosseto - Costituzione di Societ\u00e0 - S. Paparozzi","isPartOf":{"@id":"https:\/\/studiopaparozzi.com\/#website"},"datePublished":"2024-06-20T21:47:29+00:00","dateModified":"2024-09-05T12:15:52+00:00","description":"Consulenza per la costituzione e gestione di societ\u00e0 a Grosseto. Soluzioni personalizzate per aziende di ogni settore.","breadcrumb":{"@id":"https:\/\/studiopaparozzi.com\/index.php\/servizi\/costituzione-ed-amministrazione-di-societa\/#breadcrumb"},"inLanguage":"it-IT","potentialAction":[{"@type":"ReadAction","target":["https:\/\/studiopaparozzi.com\/index.php\/servizi\/costituzione-ed-amministrazione-di-societa\/"]}]},{"@type":"BreadcrumbList","@id":"https:\/\/studiopaparozzi.com\/index.php\/servizi\/costituzione-ed-amministrazione-di-societa\/#breadcrumb","itemListElement":[{"@type":"ListItem","position":1,"name":"Home","item":"https:\/\/studiopaparozzi.com\/"},{"@type":"ListItem","position":2,"name":"Servizi","item":"https:\/\/studiopaparozzi.com\/index.php\/servizi\/"},{"@type":"ListItem","position":3,"name":"Costituzione ed amministrazione di societ\u00e0"}]},{"@type":"WebSite","@id":"https:\/\/studiopaparozzi.com\/#website","url":"https:\/\/studiopaparozzi.com\/","name":"Studio Paparozzi Simone","description":"Commercialista Grosseto","publisher":{"@id":"https:\/\/studiopaparozzi.com\/#organization"},"potentialAction":[{"@type":"SearchAction","target":{"@type":"EntryPoint","urlTemplate":"https:\/\/studiopaparozzi.com\/?s={search_term_string}"},"query-input":{"@type":"PropertyValueSpecification","valueRequired":true,"valueName":"search_term_string"}}],"inLanguage":"it-IT"},{"@type":"Organization","@id":"https:\/\/studiopaparozzi.com\/#organization","name":"Studio Paparozzi Simone","url":"https:\/\/studiopaparozzi.com\/","logo":{"@type":"ImageObject","inLanguage":"it-IT","@id":"https:\/\/studiopaparozzi.com\/#\/schema\/logo\/image\/","url":"https:\/\/studiopaparozzi.com\/wp-content\/uploads\/2024\/06\/Studio-Paparozzi.jpg","contentUrl":"https:\/\/studiopaparozzi.com\/wp-content\/uploads\/2024\/06\/Studio-Paparozzi.jpg","width":1569,"height":543,"caption":"Studio Paparozzi Simone"},"image":{"@id":"https:\/\/studiopaparozzi.com\/#\/schema\/logo\/image\/"},"sameAs":["https:\/\/www.facebook.com\/ilpezzo"]}]}},"_links":{"self":[{"href":"https:\/\/studiopaparozzi.com\/index.php\/wp-json\/wp\/v2\/pages\/119","targetHints":{"allow":["GET"]}}],"collection":[{"href":"https:\/\/studiopaparozzi.com\/index.php\/wp-json\/wp\/v2\/pages"}],"about":[{"href":"https:\/\/studiopaparozzi.com\/index.php\/wp-json\/wp\/v2\/types\/page"}],"author":[{"embeddable":true,"href":"https:\/\/studiopaparozzi.com\/index.php\/wp-json\/wp\/v2\/users\/1"}],"replies":[{"embeddable":true,"href":"https:\/\/studiopaparozzi.com\/index.php\/wp-json\/wp\/v2\/comments?post=119"}],"version-history":[{"count":7,"href":"https:\/\/studiopaparozzi.com\/index.php\/wp-json\/wp\/v2\/pages\/119\/revisions"}],"predecessor-version":[{"id":283,"href":"https:\/\/studiopaparozzi.com\/index.php\/wp-json\/wp\/v2\/pages\/119\/revisions\/283"}],"up":[{"embeddable":true,"href":"https:\/\/studiopaparozzi.com\/index.php\/wp-json\/wp\/v2\/pages\/108"}],"wp:attachment":[{"href":"https:\/\/studiopaparozzi.com\/index.php\/wp-json\/wp\/v2\/media?parent=119"}],"curies":[{"name":"wp","href":"https:\/\/api.w.org\/{rel}","templated":true}]}}